{"id":4104,"date":"2024-11-24T17:58:24","date_gmt":"2024-11-24T21:58:24","guid":{"rendered":"http:\/\/mma.cl\/?page_id=4104"},"modified":"2025-08-13T11:17:22","modified_gmt":"2025-08-13T15:17:22","slug":"postulacion","status":"publish","type":"page","link":"https:\/\/mma.uct.cl\/en\/postulacion\/","title":{"rendered":"Application"},"content":{"rendered":"<div data-elementor-type=\"wp-page\" data-elementor-id=\"4104\" class=\"elementor elementor-4104\" data-elementor-post-type=\"page\">\n\t\t\t\t<div class=\"elementor-element elementor-element-07d8b75 e-flex e-con-boxed e-con e-parent\" data-id=\"07d8b75\" data-element_type=\"container\" data-settings=\"{&quot;background_background&quot;:&quot;classic&quot;}\">\n\t\t\t\t\t<div class=\"e-con-inner\">\n\t\t\t\t<div class=\"elementor-element elementor-element-c74b6b4 tx-fondoblanco elementor-widget elementor-widget-heading\" data-id=\"c74b6b4\" data-element_type=\"widget\" data-widget_type=\"heading.default\">\n\t\t\t\t<div class=\"elementor-widget-container\">\n\t\t\t\t\t<h1 class=\"elementor-heading-title elementor-size-default\">APPLICATION<\/h1>\t\t\t\t<\/div>\n\t\t\t\t<\/div>\n\t\t\t\t\t<\/div>\n\t\t\t\t<\/div>\n\t\t<div class=\"elementor-element elementor-element-0dd74ac e-flex e-con-boxed e-con e-parent\" data-id=\"0dd74ac\" data-element_type=\"container\">\n\t\t\t\t\t<div class=\"e-con-inner\">\n\t\t\t\t<div class=\"elementor-element elementor-element-d59e6a6 elementor-widget elementor-widget-n-accordion\" data-id=\"d59e6a6\" data-element_type=\"widget\" data-settings=\"{&quot;default_state&quot;:&quot;expanded&quot;,&quot;max_items_expended&quot;:&quot;one&quot;,&quot;n_accordion_animation_duration&quot;:{&quot;unit&quot;:&quot;ms&quot;,&quot;size&quot;:400,&quot;sizes&quot;:[]}}\" data-widget_type=\"nested-accordion.default\">\n\t\t\t\t<div class=\"elementor-widget-container\">\n\t\t\t\t\t\t\t<div class=\"e-n-accordion\" aria-label=\"Accordion. Open links with Enter or Space, close with Escape, and navigate with Arrow Keys\">\n\t\t\t\t\t\t<details id=\"e-n-accordion-item-2230\" class=\"e-n-accordion-item\" open>\n\t\t\t\t<summary class=\"e-n-accordion-item-title\" data-accordion-index=\"1\" tabindex=\"0\" aria-expanded=\"true\" aria-controls=\"e-n-accordion-item-2230\" >\n\t\t\t\t\t<span class='e-n-accordion-item-title-header'><div class=\"e-n-accordion-item-title-text\"> El proceso de postulaci\u00f3n se encuentra cerrado. <\/div><\/span>\n\t\t\t\t\t\t\t<span class='e-n-accordion-item-title-icon'>\n\t\t\t<span class='e-opened' ><i aria-hidden=\"true\" class=\"fas fa-minus\"><\/i><\/span>\n\t\t\t<span class='e-closed'><i aria-hidden=\"true\" class=\"fas fa-plus\"><\/i><\/span>\n\t\t<\/span>\n\n\t\t\t\t\t\t<\/summary>\n\t\t\t\t<div role=\"region\" aria-labelledby=\"e-n-accordion-item-2230\" class=\"elementor-element elementor-element-1ae6698 e-con-full e-flex e-con e-child\" data-id=\"1ae6698\" data-element_type=\"container\">\n\t\t<div role=\"region\" aria-labelledby=\"e-n-accordion-item-2230\" class=\"elementor-element elementor-element-d1be40b e-flex e-con-boxed e-con e-child\" data-id=\"d1be40b\" data-element_type=\"container\">\n\t\t\t\t\t<div class=\"e-con-inner\">\n\t\t\t\t<div class=\"elementor-element elementor-element-43f9c02 elementor-icon-list--layout-traditional elementor-list-item-link-full_width elementor-widget elementor-widget-icon-list\" data-id=\"43f9c02\" data-element_type=\"widget\" data-widget_type=\"icon-list.default\">\n\t\t\t\t<div class=\"elementor-widget-container\">\n\t\t\t\t\t\t\t<ul class=\"elementor-icon-list-items\">\n\t\t\t\t\t\t\t<li class=\"elementor-icon-list-item\">\n\t\t\t\t\t\t\t\t\t\t\t<span class=\"elementor-icon-list-icon\">\n\t\t\t\t\t\t\t<i aria-hidden=\"true\" class=\"fas fa-dot-circle\"><\/i>\t\t\t\t\t\t<\/span>\n\t\t\t\t\t\t\t\t\t\t<span class=\"elementor-icon-list-text\">Una nueva versi\u00f3n iniciar\u00e1 en el a\u00f1o 2027.<\/span>\n\t\t\t\t\t\t\t\t\t<\/li>\n\t\t\t\t\t\t<\/ul>\n\t\t\t\t\t\t<\/div>\n\t\t\t\t<\/div>\n\t\t\t\t\t<\/div>\n\t\t\t\t<\/div>\n\t\t\t\t<\/div>\n\t\t\t\t\t<\/details>\n\t\t\t\t\t<\/div>\n\t\t\t\t\t\t<\/div>\n\t\t\t\t<\/div>\n\t\t\t\t\t<\/div>\n\t\t\t\t<\/div>\n\t\t<div class=\"elementor-element elementor-element-8d481f1 e-flex e-con-boxed e-con e-parent\" data-id=\"8d481f1\" data-element_type=\"container\">\n\t\t\t\t\t<div class=\"e-con-inner\">\n\t\t\t\t<div class=\"elementor-element elementor-element-29d544f elementor-widget elementor-widget-heading\" data-id=\"29d544f\" data-element_type=\"widget\" data-widget_type=\"heading.default\">\n\t\t\t\t<div class=\"elementor-widget-container\">\n\t\t\t\t\t<h2 class=\"elementor-heading-title elementor-size-default\">requirements<\/h2>\t\t\t\t<\/div>\n\t\t\t\t<\/div>\n\t\t\t\t<div class=\"elementor-element elementor-element-2bbf45f elementor-widget-divider--view-line elementor-widget elementor-widget-divider\" data-id=\"2bbf45f\" data-element_type=\"widget\" data-widget_type=\"divider.default\">\n\t\t\t\t<div class=\"elementor-widget-container\">\n\t\t\t\t\t\t\t<div class=\"elementor-divider\">\n\t\t\t<span class=\"elementor-divider-separator\">\n\t\t\t\t\t\t<\/span>\n\t\t<\/div>\n\t\t\t\t\t\t<\/div>\n\t\t\t\t<\/div>\n\t\t\t\t<div class=\"elementor-element elementor-element-fce6bf8 elementor-widget elementor-widget-text-editor\" data-id=\"fce6bf8\" data-element_type=\"widget\" data-widget_type=\"text-editor.default\">\n\t\t\t\t<div class=\"elementor-widget-container\">\n\t\t\t\t\t\t\t\t\t<p>The Masters in Applied Mathematics is addressed to professionals who are graduates in science, engineering or engineers with background in mathematics is similar, graduates in mathematics, physics, chemistry, mathematics or statistics and any other professional with a background in mathematics related. In addition, professors of mathematics, physical sciences or who work in educational institutions of secondary education and who have the bachelor&#039;s degree.<\/p>\t\t\t\t\t\t\t\t<\/div>\n\t\t\t\t<\/div>\n\t\t\t\t<div class=\"elementor-element elementor-element-f2ba726 elementor-widget elementor-widget-heading\" data-id=\"f2ba726\" data-element_type=\"widget\" data-widget_type=\"heading.default\">\n\t\t\t\t<div class=\"elementor-widget-container\">\n\t\t\t\t\t<h2 class=\"elementor-heading-title elementor-size-default\">DOCUMENTS FOR APPLICATION<\/h2>\t\t\t\t<\/div>\n\t\t\t\t<\/div>\n\t\t\t\t<div class=\"elementor-element elementor-element-1b3e1b9 elementor-widget-divider--view-line elementor-widget elementor-widget-divider\" data-id=\"1b3e1b9\" data-element_type=\"widget\" data-widget_type=\"divider.default\">\n\t\t\t\t<div class=\"elementor-widget-container\">\n\t\t\t\t\t\t\t<div class=\"elementor-divider\">\n\t\t\t<span class=\"elementor-divider-separator\">\n\t\t\t\t\t\t<\/span>\n\t\t<\/div>\n\t\t\t\t\t\t<\/div>\n\t\t\t\t<\/div>\n\t\t\t\t<div class=\"elementor-element elementor-element-4e8118c elementor-widget elementor-widget-text-editor\" data-id=\"4e8118c\" data-element_type=\"widget\" data-widget_type=\"text-editor.default\">\n\t\t\t\t<div class=\"elementor-widget-container\">\n\t\t\t\t\t\t\t\t\tApplicants must enter the link <a href=\"https:\/\/postulacionposgrado.uct.cl\/\" target=\"_blank\" rel=\"noopener\">https:\/\/postulacionposgrado.uct.cl\/<\/a> and complete the application form online, enclosing the following documents:\n<ul style=\"margin-top: 15px;\">\n \t<li>Letter explaining your interest in the program.<\/li>\n \t<li>Certificate original or certified copy of a Professional Title or Degree, as appropriate. In the case of training of undergraduate degree abroad, the appropriate documentation must submit the apostille of The Hague.<\/li>\n \t<li>Photocopy of the identity card or passport in case of foreign nationals.<\/li>\n \t<li>Two letters of reference that evidence of a prior training satisfactory to the demands of the program, which may be issued by two academics of the institution in which you graduated or one of them by a representative of the institution where he currently works.<\/li>\n \t<li>Certificate confirming the level of English language proficiency (not exclusive), or affidavit simple signed indicating that dominates the reading of this language.<\/li>\n \t<li>Curriculum Vitae up to date.<\/li>\n \t<li>Certificate of Notes Undergraduate. For the case of foreign students the certificate must clearly indicate the scale of ratings, as well as the academic average at the time of the nomination.<\/li>\n<\/ul>\n<p style=\"margin-top: 15px;\">Along with the delivery of the requested documents, all applicants will be interviewed by the Academic Committee.<\/p>\t\t\t\t\t\t\t\t<\/div>\n\t\t\t\t<\/div>\n\t\t\t\t\t<\/div>\n\t\t\t\t<\/div>\n\t\t\t\t<\/div>","protected":false},"excerpt":{"rendered":"<p>POSTULACI\u00d3N El proceso de postulaci\u00f3n se encuentra cerrado. Una nueva versi\u00f3n iniciar\u00e1 en el a\u00f1o 2027. Una nueva versi\u00f3n iniciar\u00e1 en el a\u00f1o 2027. requisitos El Mag\u00edster en Matem\u00e1ticas Aplicadas est\u00e1 dirigido profesionales que sean licenciados en ciencias de la ingenier\u00eda o ingenieros con formaci\u00f3n matem\u00e1tica similar, licenciados en matem\u00e1ticas, f\u00edsica, qu\u00edmica o estad\u00edstica y [&hellip;]<\/p>","protected":false},"author":6,"featured_media":2587,"parent":0,"menu_order":0,"comment_status":"closed","ping_status":"closed","template":"","meta":{"_acf_changed":false,"footnotes":""},"class_list":["post-4104","page","type-page","status-publish","has-post-thumbnail","hentry"],"acf":[],"_links":{"self":[{"href":"https:\/\/mma.uct.cl\/en\/wp-json\/wp\/v2\/pages\/4104","targetHints":{"allow":["GET"]}}],"collection":[{"href":"https:\/\/mma.uct.cl\/en\/wp-json\/wp\/v2\/pages"}],"about":[{"href":"https:\/\/mma.uct.cl\/en\/wp-json\/wp\/v2\/types\/page"}],"author":[{"embeddable":true,"href":"https:\/\/mma.uct.cl\/en\/wp-json\/wp\/v2\/users\/6"}],"replies":[{"embeddable":true,"href":"https:\/\/mma.uct.cl\/en\/wp-json\/wp\/v2\/comments?post=4104"}],"version-history":[{"count":151,"href":"https:\/\/mma.uct.cl\/en\/wp-json\/wp\/v2\/pages\/4104\/revisions"}],"predecessor-version":[{"id":5472,"href":"https:\/\/mma.uct.cl\/en\/wp-json\/wp\/v2\/pages\/4104\/revisions\/5472"}],"wp:featuredmedia":[{"embeddable":true,"href":"https:\/\/mma.uct.cl\/en\/wp-json\/wp\/v2\/media\/2587"}],"wp:attachment":[{"href":"https:\/\/mma.uct.cl\/en\/wp-json\/wp\/v2\/media?parent=4104"}],"curies":[{"name":"wp","href":"https:\/\/api.w.org\/{rel}","templated":true}]}}