{"id":4098,"date":"2024-11-24T17:56:08","date_gmt":"2024-11-24T21:56:08","guid":{"rendered":"http:\/\/mma.cl\/?page_id=4098"},"modified":"2025-12-16T08:18:47","modified_gmt":"2025-12-16T12:18:47","slug":"becas","status":"publish","type":"page","link":"https:\/\/mma.uct.cl\/en\/descripcion-del-programa\/becas\/","title":{"rendered":"Scholarships"},"content":{"rendered":"<div data-elementor-type=\"wp-page\" data-elementor-id=\"4098\" class=\"elementor elementor-4098\" data-elementor-post-type=\"page\">\n\t\t\t\t<div class=\"elementor-element elementor-element-6ce585e e-flex e-con-boxed e-con e-parent\" data-id=\"6ce585e\" data-element_type=\"container\" data-settings=\"{&quot;background_background&quot;:&quot;classic&quot;}\">\n\t\t\t\t\t<div class=\"e-con-inner\">\n\t\t\t\t<div class=\"elementor-element elementor-element-864554b tx-fondoblanco elementor-widget elementor-widget-heading\" data-id=\"864554b\" data-element_type=\"widget\" data-widget_type=\"heading.default\">\n\t\t\t\t<div class=\"elementor-widget-container\">\n\t\t\t\t\t<div class=\"elementor-heading-title elementor-size-default\">SCHOLARSHIPS<\/div>\t\t\t\t<\/div>\n\t\t\t\t<\/div>\n\t\t\t\t\t<\/div>\n\t\t\t\t<\/div>\n\t\t<div class=\"elementor-element elementor-element-da31997 e-flex e-con-boxed e-con e-parent\" data-id=\"da31997\" data-element_type=\"container\">\n\t\t\t\t\t<div class=\"e-con-inner\">\n\t\t\t\t<div class=\"elementor-element elementor-element-9a80c43 elementor-widget elementor-widget-heading\" data-id=\"9a80c43\" data-element_type=\"widget\" data-widget_type=\"heading.default\">\n\t\t\t\t<div class=\"elementor-widget-container\">\n\t\t\t\t\t<h3 class=\"elementor-heading-title elementor-size-default\">Becas Institucionales<\/h3>\t\t\t\t<\/div>\n\t\t\t\t<\/div>\n\t\t\t\t<div class=\"elementor-element elementor-element-6865629 elementor-widget-divider--view-line elementor-widget elementor-widget-divider\" data-id=\"6865629\" data-element_type=\"widget\" data-widget_type=\"divider.default\">\n\t\t\t\t<div class=\"elementor-widget-container\">\n\t\t\t\t\t\t\t<div class=\"elementor-divider\">\n\t\t\t<span class=\"elementor-divider-separator\">\n\t\t\t\t\t\t<\/span>\n\t\t<\/div>\n\t\t\t\t\t\t<\/div>\n\t\t\t\t<\/div>\n\t\t\t\t<div class=\"elementor-element elementor-element-fc69147 elementor-widget elementor-widget-text-editor\" data-id=\"fc69147\" data-element_type=\"widget\" data-widget_type=\"text-editor.default\">\n\t\t\t\t<div class=\"elementor-widget-container\">\n\t\t\t\t\t\t\t\t\t<ul><li><strong>Beca de Arancel a Egresados UCT<\/strong>: Esta beca fija un descuento correspondiente a un 10% del arancel anual de los programas y cursos de Educaci\u00f3n Continua y Posgrado, en beneficio de los egresados de la Universidad.<\/li><li><strong>Beca de Excelencia Acad\u00e9mica UCT<\/strong>: Premio de Excelencia Acad\u00e9mica Universidad Cat\u00f3lica de Temuco es el m\u00e1ximo galard\u00f3n que la Universidad otorga a los\/as estudiantes de pregrado de las carreras profesionales. Los galardonados con dicho premio que contin\u00faen estudios de posgrado que ofrezca la Universidad, tendr\u00e1n derecho a la exenci\u00f3n total de los derechos de matr\u00edcula y arancel si son aceptados de acuerdo a los criterios de selecci\u00f3n de cada programa.<\/li><li><strong>Descuento Postulaci\u00f3n Anticipada<\/strong>: Corresponde a un 5% de descuento sobre arancel.\u00a0<\/li><\/ul>\t\t\t\t\t\t\t\t<\/div>\n\t\t\t\t<\/div>\n\t\t\t\t<div class=\"elementor-element elementor-element-a8c2915 elementor-widget elementor-widget-heading\" data-id=\"a8c2915\" data-element_type=\"widget\" data-widget_type=\"heading.default\">\n\t\t\t\t<div class=\"elementor-widget-container\">\n\t\t\t\t\t<h3 class=\"elementor-heading-title elementor-size-default\">Becas del Programa<\/h3>\t\t\t\t<\/div>\n\t\t\t\t<\/div>\n\t\t\t\t<div class=\"elementor-element elementor-element-86346e6 elementor-widget-divider--view-line elementor-widget elementor-widget-divider\" data-id=\"86346e6\" data-element_type=\"widget\" data-widget_type=\"divider.default\">\n\t\t\t\t<div class=\"elementor-widget-container\">\n\t\t\t\t\t\t\t<div class=\"elementor-divider\">\n\t\t\t<span class=\"elementor-divider-separator\">\n\t\t\t\t\t\t<\/span>\n\t\t<\/div>\n\t\t\t\t\t\t<\/div>\n\t\t\t\t<\/div>\n\t\t\t\t<div class=\"elementor-element elementor-element-8ef47a3 elementor-widget elementor-widget-text-editor\" data-id=\"8ef47a3\" data-element_type=\"widget\" data-widget_type=\"text-editor.default\">\n\t\t\t\t<div class=\"elementor-widget-container\">\n\t\t\t\t\t\t\t\t\t<ul><li><strong>Beca MMA<\/strong>: El programa dispone de Beca de Arancel la cual consiste en un porcentaje de descuento del arancel que ser\u00e1 evaluado y sancionado por el Comit\u00e9 Acad\u00e9mico, priorizando los antecedentes curriculares del solicitante.<\/li><li><strong>Beca Docente<\/strong>: El Departamento de Ciencias Matem\u00e1ticas y F\u00edsicas ofrece un cupo en su planta a honorarios destinado a los estudiantes matriculados del Mag\u00edster en Matem\u00e1ticas Aplicadas el cual est\u00e1 sujeto seg\u00fan los requerimientos de la Unidad, a la experiencia docente del postulante, y a la evaluaci\u00f3n del director de la Unidad. Este cupo preferencial se denomina Beca Docente. Su asignaci\u00f3n, o no, ser\u00e1 sin expresi\u00f3n de causa, siendo su asignaci\u00f3n, o no, una atribuci\u00f3n exclusiva del director del Departamento de Ciencias Matem\u00e1ticas y F\u00edsicas.<\/li><\/ul>\t\t\t\t\t\t\t\t<\/div>\n\t\t\t\t<\/div>\n\t\t\t\t\t<\/div>\n\t\t\t\t<\/div>\n\t\t\t\t<\/div>","protected":false},"excerpt":{"rendered":"<p>BECAS Becas Institucionales Beca de Arancel a Egresados UCT: Esta beca fija un descuento correspondiente a un 10% del arancel anual de los programas y cursos de Educaci\u00f3n Continua y Posgrado, en beneficio de los egresados de la Universidad. Beca de Excelencia Acad\u00e9mica UCT: Premio de Excelencia Acad\u00e9mica Universidad Cat\u00f3lica de Temuco es el m\u00e1ximo [&hellip;]<\/p>","protected":false},"author":6,"featured_media":2587,"parent":3979,"menu_order":0,"comment_status":"closed","ping_status":"closed","template":"","meta":{"_acf_changed":false,"footnotes":""},"class_list":["post-4098","page","type-page","status-publish","has-post-thumbnail","hentry"],"acf":[],"_links":{"self":[{"href":"https:\/\/mma.uct.cl\/en\/wp-json\/wp\/v2\/pages\/4098","targetHints":{"allow":["GET"]}}],"collection":[{"href":"https:\/\/mma.uct.cl\/en\/wp-json\/wp\/v2\/pages"}],"about":[{"href":"https:\/\/mma.uct.cl\/en\/wp-json\/wp\/v2\/types\/page"}],"author":[{"embeddable":true,"href":"https:\/\/mma.uct.cl\/en\/wp-json\/wp\/v2\/users\/6"}],"replies":[{"embeddable":true,"href":"https:\/\/mma.uct.cl\/en\/wp-json\/wp\/v2\/comments?post=4098"}],"version-history":[{"count":52,"href":"https:\/\/mma.uct.cl\/en\/wp-json\/wp\/v2\/pages\/4098\/revisions"}],"predecessor-version":[{"id":6523,"href":"https:\/\/mma.uct.cl\/en\/wp-json\/wp\/v2\/pages\/4098\/revisions\/6523"}],"up":[{"embeddable":true,"href":"https:\/\/mma.uct.cl\/en\/wp-json\/wp\/v2\/pages\/3979"}],"wp:featuredmedia":[{"embeddable":true,"href":"https:\/\/mma.uct.cl\/en\/wp-json\/wp\/v2\/media\/2587"}],"wp:attachment":[{"href":"https:\/\/mma.uct.cl\/en\/wp-json\/wp\/v2\/media?parent=4098"}],"curies":[{"name":"wp","href":"https:\/\/api.w.org\/{rel}","templated":true}]}}