{"id":3979,"date":"2024-10-25T12:14:33","date_gmt":"2024-10-25T16:14:33","guid":{"rendered":"https:\/\/mma.perspectivadigital.cl\/?page_id=3979"},"modified":"2025-12-16T08:05:46","modified_gmt":"2025-12-16T12:05:46","slug":"descripcion-del-programa","status":"publish","type":"page","link":"https:\/\/mma.uct.cl\/en\/descripcion-del-programa\/","title":{"rendered":"Descripci\u00f3n del Programa"},"content":{"rendered":"<div data-elementor-type=\"wp-page\" data-elementor-id=\"3979\" class=\"elementor elementor-3979\" data-elementor-post-type=\"page\">\n\t\t\t\t<div class=\"elementor-element elementor-element-1f9a3ed e-flex e-con-boxed e-con e-parent\" data-id=\"1f9a3ed\" data-element_type=\"container\" data-settings=\"{&quot;background_background&quot;:&quot;classic&quot;}\">\n\t\t\t\t\t<div class=\"e-con-inner\">\n\t\t\t\t<div class=\"elementor-element elementor-element-b3edf13 tx-fondoblanco elementor-widget elementor-widget-heading\" data-id=\"b3edf13\" data-element_type=\"widget\" data-widget_type=\"heading.default\">\n\t\t\t\t<div class=\"elementor-widget-container\">\n\t\t\t\t\t<div class=\"elementor-heading-title elementor-size-default\">DESCRIPCI\u00d3N DEL PROGRAMA<\/div>\t\t\t\t<\/div>\n\t\t\t\t<\/div>\n\t\t\t\t\t<\/div>\n\t\t\t\t<\/div>\n\t\t<div class=\"elementor-element elementor-element-297f63f e-flex e-con-boxed e-con e-parent\" data-id=\"297f63f\" data-element_type=\"container\">\n\t\t\t\t\t<div class=\"e-con-inner\">\n\t\t\t\t<div class=\"elementor-element elementor-element-e1096d9 elementor-widget__width-initial elementor-widget elementor-widget-text-editor\" data-id=\"e1096d9\" data-element_type=\"widget\" data-widget_type=\"text-editor.default\">\n\t\t\t\t<div class=\"elementor-widget-container\">\n\t\t\t\t\t\t\t\t\t<p>El Mag\u00edster en Matem\u00e1ticas Aplicadas es un programa de car\u00e1cter profesional, pues posee como objetivo primordial la adquisici\u00f3n de competencias avanzadas en relaci\u00f3n al pregrado, centradas en el uso de la matem\u00e1tica para la resoluci\u00f3n de problemas cient\u00edfico-tecnol\u00f3gicos a trav\u00e9s de la modelaci\u00f3n de los sistemas complejos involucrados. Su car\u00e1cter profesional resulta ser del todo coherente con el contexto disciplinario e institucional, toda vez que contribuye a la formaci\u00f3n de recursos humanos avanzados, en beneficio de la regi\u00f3n de la Araucan\u00eda y del pa\u00eds entero.<\/p><p>El graduado\/a del Mag\u00edster, posee la capacidad de formular, resolver, y eventualmente validar (la generaci\u00f3n o disponibilidad de datos experimentales no es condici\u00f3n <em>sine qua non<\/em> de este posgrado), modelos matem\u00e1ticos basados en ecuaciones diferenciales no triviales. Espec\u00edficamente, resuelve combinando m\u00e9todos anal\u00edticos, num\u00e9ricos y\/o computacionales cuyos resultados pueden ser utilizados en mejorar la comprensi\u00f3n del sistema a modelar. Adem\u00e1s, comunica estos resultados a pares y\/o p\u00fablico en general con rigurosidad t\u00e9cnica y claridad.<\/p>\t\t\t\t\t\t\t\t<\/div>\n\t\t\t\t<\/div>\n\t\t\t\t\t<\/div>\n\t\t\t\t<\/div>\n\t\t<div class=\"elementor-element elementor-element-77c2af7 e-flex e-con-boxed e-con e-parent\" data-id=\"77c2af7\" data-element_type=\"container\" data-settings=\"{&quot;background_background&quot;:&quot;classic&quot;}\">\n\t\t\t\t\t<div class=\"e-con-inner\">\n\t\t<div class=\"elementor-element elementor-element-755e7a0 e-grid e-con-boxed e-con e-child\" data-id=\"755e7a0\" data-element_type=\"container\">\n\t\t\t\t\t<div class=\"e-con-inner\">\n\t\t<div class=\"elementor-element elementor-element-1455188 e-flex e-con-boxed elementor-invisible e-con e-child\" data-id=\"1455188\" data-element_type=\"container\" data-settings=\"{&quot;background_background&quot;:&quot;classic&quot;,&quot;animation&quot;:&quot;bounceInUp&quot;}\">\n\t\t\t\t\t<div class=\"e-con-inner\">\n\t\t\t\t<div class=\"elementor-element elementor-element-228363b elementor-widget elementor-widget-heading\" data-id=\"228363b\" data-element_type=\"widget\" data-widget_type=\"heading.default\">\n\t\t\t\t<div class=\"elementor-widget-container\">\n\t\t\t\t\t<h2 class=\"elementor-heading-title elementor-size-default\">Objective<\/h2>\t\t\t\t<\/div>\n\t\t\t\t<\/div>\n\t\t\t\t<div class=\"elementor-element elementor-element-3470b50 elementor-widget elementor-widget-text-editor\" data-id=\"3470b50\" data-element_type=\"widget\" data-widget_type=\"text-editor.default\">\n\t\t\t\t<div class=\"elementor-widget-container\">\n\t\t\t\t\t\t\t\t\t<p>Formar graduados y graduadas de un alto nivel profesional que posean las competencias para aplicar la matem\u00e1tica al an\u00e1lisis cuantitativo de los sistemas a modelar, contribuyendo a la soluci\u00f3n de problem\u00e1ticas regionales, nacionales e internacionales.<\/p>\t\t\t\t\t\t\t\t<\/div>\n\t\t\t\t<\/div>\n\t\t\t\t\t<\/div>\n\t\t\t\t<\/div>\n\t\t<div class=\"elementor-element elementor-element-7e8be6b e-flex e-con-boxed elementor-invisible e-con e-child\" data-id=\"7e8be6b\" data-element_type=\"container\" data-settings=\"{&quot;background_background&quot;:&quot;classic&quot;,&quot;animation&quot;:&quot;bounceInUp&quot;}\">\n\t\t\t\t\t<div class=\"e-con-inner\">\n\t\t\t\t<div class=\"elementor-element elementor-element-bc3aa76 elementor-widget elementor-widget-heading\" data-id=\"bc3aa76\" data-element_type=\"widget\" data-widget_type=\"heading.default\">\n\t\t\t\t<div class=\"elementor-widget-container\">\n\t\t\t\t\t<h2 class=\"elementor-heading-title elementor-size-default\">Profile of the applicant<\/h2>\t\t\t\t<\/div>\n\t\t\t\t<\/div>\n\t\t\t\t<div class=\"elementor-element elementor-element-8e924c9 elementor-widget elementor-widget-text-editor\" data-id=\"8e924c9\" data-element_type=\"widget\" data-widget_type=\"text-editor.default\">\n\t\t\t\t<div class=\"elementor-widget-container\">\n\t\t\t\t\t\t\t\t\t<p>El Mag\u00edster en Matem\u00e1ticas Aplicadas est\u00e1 dirigido a profesionales que sean licenciados en ciencias de la ingenier\u00eda o ingenieros con formaci\u00f3n matem\u00e1tica similar, licenciados en matem\u00e1ticas, f\u00edsica, qu\u00edmica o estad\u00edstica y cualquier otro profesional con una formaci\u00f3n matem\u00e1tica af\u00edn. Adem\u00e1s, profesores de matem\u00e1tica, de f\u00edsica o de ciencias que se desempe\u00f1an en establecimientos educacionales de ense\u00f1anza media y que cuenten con la licenciatura.<\/p>\t\t\t\t\t\t\t\t<\/div>\n\t\t\t\t<\/div>\n\t\t\t\t\t<\/div>\n\t\t\t\t<\/div>\n\t\t\t\t\t<\/div>\n\t\t\t\t<\/div>\n\t\t\t\t\t<\/div>\n\t\t\t\t<\/div>\n\t\t<div class=\"elementor-element elementor-element-ec3c65a e-flex e-con-boxed e-con e-parent\" data-id=\"ec3c65a\" data-element_type=\"container\">\n\t\t\t\t\t<div class=\"e-con-inner\">\n\t\t\t\t<div class=\"elementor-element elementor-element-7b5e5b9 elementor-widget elementor-widget-heading\" data-id=\"7b5e5b9\" data-element_type=\"widget\" data-widget_type=\"heading.default\">\n\t\t\t\t<div class=\"elementor-widget-container\">\n\t\t\t\t\t<h2 class=\"elementor-heading-title elementor-size-default\">\u00e1reas de desarrollo<\/h2>\t\t\t\t<\/div>\n\t\t\t\t<\/div>\n\t\t\t\t<div class=\"elementor-element elementor-element-d36023f elementor-widget-divider--view-line elementor-widget elementor-widget-divider\" data-id=\"d36023f\" data-element_type=\"widget\" data-widget_type=\"divider.default\">\n\t\t\t\t<div class=\"elementor-widget-container\">\n\t\t\t\t\t\t\t<div class=\"elementor-divider\">\n\t\t\t<span class=\"elementor-divider-separator\">\n\t\t\t\t\t\t<\/span>\n\t\t<\/div>\n\t\t\t\t\t\t<\/div>\n\t\t\t\t<\/div>\n\t\t\t\t<div class=\"elementor-element elementor-element-7aba316 elementor-widget elementor-widget-text-editor\" data-id=\"7aba316\" data-element_type=\"widget\" data-widget_type=\"text-editor.default\">\n\t\t\t\t<div class=\"elementor-widget-container\">\n\t\t\t\t\t\t\t\t\t<p><strong>Ecuaciones Diferenciales: <\/strong>Tiene como objetivo evaluar y proponer m\u00e9todos anal\u00edticos para resolver modelos matem\u00e1ticos.<\/p><p><strong>M\u00e9todos Num\u00e9ricos: <\/strong>Tiene como objetivo evaluar y proponer m\u00e9todos num\u00e9ricos eficientes para resolver modelos matem\u00e1ticos.<\/p><p><strong>Fen\u00f3menos de Transporte: <\/strong>Trata sobre la modelaci\u00f3n matem\u00e1tica, a partir de fundamentos fenomenol\u00f3gicos, de procesos de transferencia de masa, energ\u00eda, cantidad de movimiento, entre otros, con el objetivo de describirlos, predecirlos y\/o controlarlos.<\/p>\t\t\t\t\t\t\t\t<\/div>\n\t\t\t\t<\/div>\n\t\t\t\t\t<\/div>\n\t\t\t\t<\/div>\n\t\t<div class=\"elementor-element elementor-element-9abffb9 e-flex e-con-boxed e-con e-parent\" data-id=\"9abffb9\" data-element_type=\"container\">\n\t\t\t\t\t<div class=\"e-con-inner\">\n\t\t\t\t<div class=\"elementor-element elementor-element-037aeef elementor-widget elementor-widget-heading\" data-id=\"037aeef\" data-element_type=\"widget\" data-widget_type=\"heading.default\">\n\t\t\t\t<div class=\"elementor-widget-container\">\n\t\t\t\t\t<h2 class=\"elementor-heading-title elementor-size-default\">Director del programa<\/h2>\t\t\t\t<\/div>\n\t\t\t\t<\/div>\n\t\t\t\t<div class=\"elementor-element elementor-element-0fd3502 elementor-widget-divider--view-line elementor-widget elementor-widget-divider\" data-id=\"0fd3502\" data-element_type=\"widget\" data-widget_type=\"divider.default\">\n\t\t\t\t<div class=\"elementor-widget-container\">\n\t\t\t\t\t\t\t<div class=\"elementor-divider\">\n\t\t\t<span class=\"elementor-divider-separator\">\n\t\t\t\t\t\t<\/span>\n\t\t<\/div>\n\t\t\t\t\t\t<\/div>\n\t\t\t\t<\/div>\n\t\t\t\t<div class=\"elementor-element elementor-element-f6204a0 elementor-position-left elementor-vertical-align-bottom elementor-widget elementor-widget-image-box\" data-id=\"f6204a0\" data-element_type=\"widget\" data-widget_type=\"image-box.default\">\n\t\t\t\t<div class=\"elementor-widget-container\">\n\t\t\t\t\t<div class=\"elementor-image-box-wrapper\"><figure class=\"elementor-image-box-img\"><img fetchpriority=\"high\" decoding=\"async\" width=\"1747\" height=\"2560\" src=\"https:\/\/mma.uct.cl\/wp-content\/uploads\/unnamed-scaled.jpg\" class=\"attachment-full size-full wp-image-5873\" alt=\"\" srcset=\"https:\/\/mma.uct.cl\/wp-content\/uploads\/unnamed-scaled.jpg 1747w, https:\/\/mma.uct.cl\/wp-content\/uploads\/unnamed-205x300.jpg 205w, https:\/\/mma.uct.cl\/wp-content\/uploads\/unnamed-699x1024.jpg 699w, https:\/\/mma.uct.cl\/wp-content\/uploads\/unnamed-768x1125.jpg 768w, https:\/\/mma.uct.cl\/wp-content\/uploads\/unnamed-1048x1536.jpg 1048w, https:\/\/mma.uct.cl\/wp-content\/uploads\/unnamed-1398x2048.jpg 1398w, https:\/\/mma.uct.cl\/wp-content\/uploads\/unnamed-8x12.jpg 8w\" sizes=\"(max-width: 1747px) 100vw, 1747px\" \/><\/figure><div class=\"elementor-image-box-content\"><p class=\"elementor-image-box-description\">Dr. Paulo Z\u00fa\u00f1iga Oyarzo\n<\/br>\n<a href=\"mailto:mgmatematicasaplicadas@uct.cl\">mgmatematicasaplicadas@uct.cl<\/a>\n<\/br>\nFono Oficina: +56 (45) 2205693\n<\/p><\/div><\/div>\t\t\t\t<\/div>\n\t\t\t\t<\/div>\n\t\t\t\t\t<\/div>\n\t\t\t\t<\/div>\n\t\t<div class=\"elementor-element elementor-element-034eb50 e-con-full e-flex e-con e-parent\" data-id=\"034eb50\" data-element_type=\"container\" data-settings=\"{&quot;background_background&quot;:&quot;gradient&quot;}\">\n\t\t<div class=\"elementor-element elementor-element-a7124a9 e-con-full e-flex e-con e-child\" data-id=\"a7124a9\" data-element_type=\"container\">\n\t\t\t\t<div class=\"elementor-element elementor-element-782b61b elementor-widget elementor-widget-heading\" data-id=\"782b61b\" data-element_type=\"widget\" data-widget_type=\"heading.default\">\n\t\t\t\t<div class=\"elementor-widget-container\">\n\t\t\t\t\t<h2 class=\"elementor-heading-title elementor-size-default\">More about the master<\/h2>\t\t\t\t<\/div>\n\t\t\t\t<\/div>\n\t\t\t\t<\/div>\n\t\t<div class=\"elementor-element elementor-element-fd9c744 e-con-full e-flex e-con e-child\" data-id=\"fd9c744\" data-element_type=\"container\">\n\t\t<div class=\"elementor-element elementor-element-05a1630 e-con-full e-flex e-con e-child\" data-id=\"05a1630\" data-element_type=\"container\">\n\t\t\t\t<div class=\"elementor-element elementor-element-10de02b elementor-align-center elementor-mobile-align-justify elementor-widget elementor-widget-button\" data-id=\"10de02b\" data-element_type=\"widget\" data-widget_type=\"button.default\">\n\t\t\t\t<div class=\"elementor-widget-container\">\n\t\t\t\t\t\t\t\t\t<div class=\"elementor-button-wrapper\">\n\t\t\t\t\t<a class=\"elementor-button elementor-button-link elementor-size-sm\" href=\"https:\/\/mma.uct.cl\/en\/plan-de-estudio\/\">\n\t\t\t\t\t\t<span class=\"elementor-button-content-wrapper\">\n\t\t\t\t\t\t\t\t\t<span class=\"elementor-button-text\">Training Itinerary<\/span>\n\t\t\t\t\t<\/span>\n\t\t\t\t\t<\/a>\n\t\t\t\t<\/div>\n\t\t\t\t\t\t\t\t<\/div>\n\t\t\t\t<\/div>\n\t\t\t\t<div class=\"elementor-element elementor-element-c37b46b elementor-align-center elementor-mobile-align-justify elementor-widget elementor-widget-button\" data-id=\"c37b46b\" data-element_type=\"widget\" data-widget_type=\"button.default\">\n\t\t\t\t<div class=\"elementor-widget-container\">\n\t\t\t\t\t\t\t\t\t<div class=\"elementor-button-wrapper\">\n\t\t\t\t\t<a class=\"elementor-button elementor-button-link elementor-size-sm\" href=\"https:\/\/mma.uct.cl\/en\/sobre-el-magister\/becas\/\">\n\t\t\t\t\t\t<span class=\"elementor-button-content-wrapper\">\n\t\t\t\t\t\t\t\t\t<span class=\"elementor-button-text\">Scholarships<\/span>\n\t\t\t\t\t<\/span>\n\t\t\t\t\t<\/a>\n\t\t\t\t<\/div>\n\t\t\t\t\t\t\t\t<\/div>\n\t\t\t\t<\/div>\n\t\t\t\t<div class=\"elementor-element elementor-element-4891156 elementor-align-center elementor-mobile-align-justify elementor-widget elementor-widget-button\" data-id=\"4891156\" data-element_type=\"widget\" data-widget_type=\"button.default\">\n\t\t\t\t<div class=\"elementor-widget-container\">\n\t\t\t\t\t\t\t\t\t<div class=\"elementor-button-wrapper\">\n\t\t\t\t\t<a class=\"elementor-button elementor-button-link elementor-size-sm\" href=\"https:\/\/mma.uct.cl\/en\/sobre-el-magister\/costos-y-horarios\/\">\n\t\t\t\t\t\t<span class=\"elementor-button-content-wrapper\">\n\t\t\t\t\t\t\t\t\t<span class=\"elementor-button-text\">Costs and Schedules<\/span>\n\t\t\t\t\t<\/span>\n\t\t\t\t\t<\/a>\n\t\t\t\t<\/div>\n\t\t\t\t\t\t\t\t<\/div>\n\t\t\t\t<\/div>\n\t\t\t\t<\/div>\n\t\t\t\t<\/div>\n\t\t\t\t<\/div>\n\t\t\t\t<\/div>","protected":false},"excerpt":{"rendered":"<p>DESCRIPCI\u00d3N DEL PROGRAMA El Mag\u00edster en Matem\u00e1ticas Aplicadas es un programa de car\u00e1cter profesional, pues posee como objetivo primordial la adquisici\u00f3n de competencias avanzadas en relaci\u00f3n al pregrado, centradas en el uso de la matem\u00e1tica para la resoluci\u00f3n de problemas cient\u00edfico-tecnol\u00f3gicos a trav\u00e9s de la modelaci\u00f3n de los sistemas complejos involucrados. Su car\u00e1cter profesional resulta [&hellip;]<\/p>","protected":false},"author":6,"featured_media":2587,"parent":0,"menu_order":0,"comment_status":"closed","ping_status":"closed","template":"","meta":{"_acf_changed":false,"footnotes":""},"class_list":["post-3979","page","type-page","status-publish","has-post-thumbnail","hentry"],"acf":[],"_links":{"self":[{"href":"https:\/\/mma.uct.cl\/en\/wp-json\/wp\/v2\/pages\/3979","targetHints":{"allow":["GET"]}}],"collection":[{"href":"https:\/\/mma.uct.cl\/en\/wp-json\/wp\/v2\/pages"}],"about":[{"href":"https:\/\/mma.uct.cl\/en\/wp-json\/wp\/v2\/types\/page"}],"author":[{"embeddable":true,"href":"https:\/\/mma.uct.cl\/en\/wp-json\/wp\/v2\/users\/6"}],"replies":[{"embeddable":true,"href":"https:\/\/mma.uct.cl\/en\/wp-json\/wp\/v2\/comments?post=3979"}],"version-history":[{"count":192,"href":"https:\/\/mma.uct.cl\/en\/wp-json\/wp\/v2\/pages\/3979\/revisions"}],"predecessor-version":[{"id":6496,"href":"https:\/\/mma.uct.cl\/en\/wp-json\/wp\/v2\/pages\/3979\/revisions\/6496"}],"wp:featuredmedia":[{"embeddable":true,"href":"https:\/\/mma.uct.cl\/en\/wp-json\/wp\/v2\/media\/2587"}],"wp:attachment":[{"href":"https:\/\/mma.uct.cl\/en\/wp-json\/wp\/v2\/media?parent=3979"}],"curies":[{"name":"wp","href":"https:\/\/api.w.org\/{rel}","templated":true}]}}