{"id":2483,"date":"2023-11-03T00:41:01","date_gmt":"2023-11-03T04:41:01","guid":{"rendered":"https:\/\/ocg.uct.cl\/?page_id=2483"},"modified":"2025-12-12T18:39:45","modified_gmt":"2025-12-12T22:39:45","slug":"noticias","status":"publish","type":"page","link":"https:\/\/mma.uct.cl\/en\/noticias\/","title":{"rendered":"News"},"content":{"rendered":"<div data-elementor-type=\"wp-page\" data-elementor-id=\"2483\" class=\"elementor elementor-2483\" data-elementor-post-type=\"page\">\n\t\t\t\t<div class=\"elementor-element elementor-element-16e9edb e-flex e-con-boxed e-con e-parent\" data-id=\"16e9edb\" data-element_type=\"container\" data-settings=\"{&quot;background_background&quot;:&quot;classic&quot;}\">\n\t\t\t\t\t<div class=\"e-con-inner\">\n\t\t\t\t<div class=\"elementor-element elementor-element-3edd211 tx-fondoblanco elementor-widget elementor-widget-heading\" data-id=\"3edd211\" data-element_type=\"widget\" data-widget_type=\"heading.default\">\n\t\t\t\t<div class=\"elementor-widget-container\">\n\t\t\t\t\t<div class=\"elementor-heading-title elementor-size-default\">NEWS<\/div>\t\t\t\t<\/div>\n\t\t\t\t<\/div>\n\t\t\t\t\t<\/div>\n\t\t\t\t<\/div>\n\t\t<div class=\"elementor-element elementor-element-3c77e00 e-flex e-con-boxed e-con e-parent\" data-id=\"3c77e00\" data-element_type=\"container\">\n\t\t\t\t\t<div class=\"e-con-inner\">\n\t\t\t\t<div class=\"elementor-element elementor-element-6ed53b9 elementor-grid-4 elementor-grid-tablet-2 elementor-grid-mobile-1 elementor-posts--thumbnail-top elementor-posts__hover-gradient load-more-align-center elementor-widget elementor-widget-posts\" data-id=\"6ed53b9\" data-element_type=\"widget\" data-settings=\"{&quot;cards_columns&quot;:&quot;4&quot;,&quot;cards_row_gap&quot;:{&quot;unit&quot;:&quot;px&quot;,&quot;size&quot;:30,&quot;sizes&quot;:[]},&quot;pagination_type&quot;:&quot;load_more_on_click&quot;,&quot;cards_columns_tablet&quot;:&quot;2&quot;,&quot;cards_columns_mobile&quot;:&quot;1&quot;,&quot;cards_row_gap_tablet&quot;:{&quot;unit&quot;:&quot;px&quot;,&quot;size&quot;:&quot;&quot;,&quot;sizes&quot;:[]},&quot;cards_row_gap_mobile&quot;:{&quot;unit&quot;:&quot;px&quot;,&quot;size&quot;:&quot;&quot;,&quot;sizes&quot;:[]},&quot;load_more_spinner&quot;:{&quot;value&quot;:&quot;fas fa-spinner&quot;,&quot;library&quot;:&quot;fa-solid&quot;}}\" data-widget_type=\"posts.cards\">\n\t\t\t\t<div class=\"elementor-widget-container\">\n\t\t\t\t\t\t\t<div class=\"elementor-posts-container elementor-posts elementor-posts--skin-cards elementor-grid\" role=\"list\">\n\t\t\t\t<article class=\"elementor-post elementor-grid-item post-6284 post type-post status-publish format-standard has-post-thumbnail hentry category-noticias\" role=\"listitem\">\n\t\t\t<div class=\"elementor-post__card\">\n\t\t\t\t<a class=\"elementor-post__thumbnail__link\" href=\"https:\/\/mma.uct.cl\/en\/avance-cientifico-en-turbinas-investigacion-del-egresado-gonzalo-moya-es-publicada-en-revista-wos\/\" tabindex=\"-1\" ><div class=\"elementor-post__thumbnail\"><img fetchpriority=\"high\" decoding=\"async\" width=\"300\" height=\"244\" src=\"https:\/\/mma.uct.cl\/wp-content\/uploads\/alabe-300x244.png\" class=\"attachment-medium size-medium wp-image-6336\" alt=\"\" srcset=\"https:\/\/mma.uct.cl\/wp-content\/uploads\/alabe-300x244.png 300w, https:\/\/mma.uct.cl\/wp-content\/uploads\/alabe-768x625.png 768w, https:\/\/mma.uct.cl\/wp-content\/uploads\/alabe-15x12.png 15w, https:\/\/mma.uct.cl\/wp-content\/uploads\/alabe.png 990w\" sizes=\"(max-width: 300px) 100vw, 300px\" \/><\/div><\/a>\n\t\t\t\t<div class=\"elementor-post__text\">\n\t\t\t\t<h3 class=\"elementor-post__title\">\n\t\t\t<a href=\"https:\/\/mma.uct.cl\/en\/avance-cientifico-en-turbinas-investigacion-del-egresado-gonzalo-moya-es-publicada-en-revista-wos\/\" >\n\t\t\t\tAvance cient\u00edfico en turbinas: investigaci\u00f3n del egresado Gonzalo Moya es publicada en revista WoS\t\t\t<\/a>\n\t\t<\/h3>\n\t\t\t\t<\/div>\n\t\t\t\t<div class=\"elementor-post__meta-data\">\n\t\t\t\t\t<span class=\"elementor-post-date\">\n\t\t\t12\/12\/2025\t\t<\/span>\n\t\t\t\t<\/div>\n\t\t\t\t\t<\/div>\n\t\t<\/article>\n\t\t\t\t<article class=\"elementor-post elementor-grid-item post-6241 post type-post status-publish format-standard has-post-thumbnail hentry category-noticias\" role=\"listitem\">\n\t\t\t<div class=\"elementor-post__card\">\n\t\t\t\t<a class=\"elementor-post__thumbnail__link\" href=\"https:\/\/mma.uct.cl\/en\/egresada-del-mma-fue-distinguida-en-la-ceremonia-alumni-2025\/\" tabindex=\"-1\" ><div class=\"elementor-post__thumbnail\"><img decoding=\"async\" width=\"225\" height=\"300\" src=\"https:\/\/mma.uct.cl\/wp-content\/uploads\/marigen2-225x300.jpg\" class=\"attachment-medium size-medium wp-image-6248\" alt=\"\" srcset=\"https:\/\/mma.uct.cl\/wp-content\/uploads\/marigen2-225x300.jpg 225w, https:\/\/mma.uct.cl\/wp-content\/uploads\/marigen2-768x1024.jpg 768w, https:\/\/mma.uct.cl\/wp-content\/uploads\/marigen2-1152x1536.jpg 1152w, https:\/\/mma.uct.cl\/wp-content\/uploads\/marigen2-1536x2048.jpg 1536w, https:\/\/mma.uct.cl\/wp-content\/uploads\/marigen2-9x12.jpg 9w, https:\/\/mma.uct.cl\/wp-content\/uploads\/marigen2-scaled.jpg 1920w\" sizes=\"(max-width: 225px) 100vw, 225px\" \/><\/div><\/a>\n\t\t\t\t<div class=\"elementor-post__text\">\n\t\t\t\t<h3 class=\"elementor-post__title\">\n\t\t\t<a href=\"https:\/\/mma.uct.cl\/en\/egresada-del-mma-fue-distinguida-en-la-ceremonia-alumni-2025\/\" >\n\t\t\t\tEgresada del MMA fue distinguida en la ceremonia Alumni 2025\t\t\t<\/a>\n\t\t<\/h3>\n\t\t\t\t<\/div>\n\t\t\t\t<div class=\"elementor-post__meta-data\">\n\t\t\t\t\t<span class=\"elementor-post-date\">\n\t\t\t07\/12\/2025\t\t<\/span>\n\t\t\t\t<\/div>\n\t\t\t\t\t<\/div>\n\t\t<\/article>\n\t\t\t\t<article class=\"elementor-post elementor-grid-item post-6184 post type-post status-publish format-standard has-post-thumbnail hentry category-noticias\" role=\"listitem\">\n\t\t\t<div class=\"elementor-post__card\">\n\t\t\t\t<a class=\"elementor-post__thumbnail__link\" href=\"https:\/\/mma.uct.cl\/en\/magister-en-matematicas-aplicadas-celebra-el-seminario-inaugural-de-su-septima-version\/\" tabindex=\"-1\" ><div class=\"elementor-post__thumbnail\"><img decoding=\"async\" width=\"300\" height=\"249\" src=\"https:\/\/mma.uct.cl\/wp-content\/uploads\/3-300x249.png\" class=\"attachment-medium size-medium wp-image-6188\" alt=\"\" srcset=\"https:\/\/mma.uct.cl\/wp-content\/uploads\/3-300x249.png 300w, https:\/\/mma.uct.cl\/wp-content\/uploads\/3-1024x851.png 1024w, https:\/\/mma.uct.cl\/wp-content\/uploads\/3-768x638.png 768w, https:\/\/mma.uct.cl\/wp-content\/uploads\/3-1536x1277.png 1536w, https:\/\/mma.uct.cl\/wp-content\/uploads\/3-14x12.png 14w, https:\/\/mma.uct.cl\/wp-content\/uploads\/3.png 2004w\" sizes=\"(max-width: 300px) 100vw, 300px\" \/><\/div><\/a>\n\t\t\t\t<div class=\"elementor-post__text\">\n\t\t\t\t<h3 class=\"elementor-post__title\">\n\t\t\t<a href=\"https:\/\/mma.uct.cl\/en\/magister-en-matematicas-aplicadas-celebra-el-seminario-inaugural-de-su-septima-version\/\" >\n\t\t\t\tMag\u00edster en Matem\u00e1ticas Aplicadas celebra el seminario inaugural de su s\u00e9ptima versi\u00f3n\t\t\t<\/a>\n\t\t<\/h3>\n\t\t\t\t<\/div>\n\t\t\t\t<div class=\"elementor-post__meta-data\">\n\t\t\t\t\t<span class=\"elementor-post-date\">\n\t\t\t11\/11\/2025\t\t<\/span>\n\t\t\t\t<\/div>\n\t\t\t\t\t<\/div>\n\t\t<\/article>\n\t\t\t\t<article class=\"elementor-post elementor-grid-item post-5587 post type-post status-publish format-standard has-post-thumbnail hentry category-noticias\" role=\"listitem\">\n\t\t\t<div class=\"elementor-post__card\">\n\t\t\t\t<a class=\"elementor-post__thumbnail__link\" href=\"https:\/\/mma.uct.cl\/en\/academico-y-egresada-de-la-uct-participan-en-congreso-nacional-de-mecanica-computacional\/\" tabindex=\"-1\" ><div class=\"elementor-post__thumbnail\"><img loading=\"lazy\" decoding=\"async\" width=\"300\" height=\"209\" src=\"https:\/\/mma.uct.cl\/wp-content\/uploads\/congresocomp-300x209.png\" class=\"attachment-medium size-medium wp-image-6352\" alt=\"\" srcset=\"https:\/\/mma.uct.cl\/wp-content\/uploads\/congresocomp-300x209.png 300w, https:\/\/mma.uct.cl\/wp-content\/uploads\/congresocomp-1024x715.png 1024w, https:\/\/mma.uct.cl\/wp-content\/uploads\/congresocomp-768x536.png 768w, https:\/\/mma.uct.cl\/wp-content\/uploads\/congresocomp-18x12.png 18w, https:\/\/mma.uct.cl\/wp-content\/uploads\/congresocomp.png 1079w\" sizes=\"(max-width: 300px) 100vw, 300px\" \/><\/div><\/a>\n\t\t\t\t<div class=\"elementor-post__text\">\n\t\t\t\t<h3 class=\"elementor-post__title\">\n\t\t\t<a href=\"https:\/\/mma.uct.cl\/en\/academico-y-egresada-de-la-uct-participan-en-congreso-nacional-de-mecanica-computacional\/\" >\n\t\t\t\tAcad\u00e9mico y egresada de la UCT participan en congreso nacional de mec\u00e1nica computacional\t\t\t<\/a>\n\t\t<\/h3>\n\t\t\t\t<\/div>\n\t\t\t\t<div class=\"elementor-post__meta-data\">\n\t\t\t\t\t<span class=\"elementor-post-date\">\n\t\t\t20\/10\/2025\t\t<\/span>\n\t\t\t\t<\/div>\n\t\t\t\t\t<\/div>\n\t\t<\/article>\n\t\t\t\t<article class=\"elementor-post elementor-grid-item post-5487 post type-post status-publish format-standard has-post-thumbnail hentry category-noticias\" role=\"listitem\">\n\t\t\t<div class=\"elementor-post__card\">\n\t\t\t\t<a class=\"elementor-post__thumbnail__link\" href=\"https:\/\/mma.uct.cl\/en\/inicio-de-la-cohorte-2025-del-magister-en-matematicas-aplicadas-uc-temuco\/\" tabindex=\"-1\" ><div class=\"elementor-post__thumbnail\"><img loading=\"lazy\" decoding=\"async\" width=\"300\" height=\"225\" src=\"https:\/\/mma.uct.cl\/wp-content\/uploads\/20250816_094156-300x225.jpg\" class=\"attachment-medium size-medium wp-image-5489\" alt=\"\" srcset=\"https:\/\/mma.uct.cl\/wp-content\/uploads\/20250816_094156-300x225.jpg 300w, https:\/\/mma.uct.cl\/wp-content\/uploads\/20250816_094156-1024x768.jpg 1024w, https:\/\/mma.uct.cl\/wp-content\/uploads\/20250816_094156-768x576.jpg 768w, https:\/\/mma.uct.cl\/wp-content\/uploads\/20250816_094156-1536x1152.jpg 1536w, https:\/\/mma.uct.cl\/wp-content\/uploads\/20250816_094156-2048x1536.jpg 2048w, https:\/\/mma.uct.cl\/wp-content\/uploads\/20250816_094156-16x12.jpg 16w\" sizes=\"(max-width: 300px) 100vw, 300px\" \/><\/div><\/a>\n\t\t\t\t<div class=\"elementor-post__text\">\n\t\t\t\t<h3 class=\"elementor-post__title\">\n\t\t\t<a href=\"https:\/\/mma.uct.cl\/en\/inicio-de-la-cohorte-2025-del-magister-en-matematicas-aplicadas-uc-temuco\/\" >\n\t\t\t\tInicio de la cohorte 2025 del Mag\u00edster en Matem\u00e1ticas Aplicadas UC Temuco\t\t\t<\/a>\n\t\t<\/h3>\n\t\t\t\t<\/div>\n\t\t\t\t<div class=\"elementor-post__meta-data\">\n\t\t\t\t\t<span class=\"elementor-post-date\">\n\t\t\t16\/08\/2025\t\t<\/span>\n\t\t\t\t<\/div>\n\t\t\t\t\t<\/div>\n\t\t<\/article>\n\t\t\t\t<article class=\"elementor-post elementor-grid-item post-4022 post type-post status-publish format-standard has-post-thumbnail hentry category-noticias\" role=\"listitem\">\n\t\t\t<div class=\"elementor-post__card\">\n\t\t\t\t<a class=\"elementor-post__thumbnail__link\" href=\"https:\/\/mma.uct.cl\/en\/inicia-el-periodo-de-postulacion-para-la-7ta-version-del-magister-en-matematicas-aplicadas\/\" tabindex=\"-1\" ><div class=\"elementor-post__thumbnail\"><img loading=\"lazy\" decoding=\"async\" width=\"300\" height=\"144\" src=\"https:\/\/mma.uct.cl\/wp-content\/uploads\/main3-300x144.jpg\" class=\"attachment-medium size-medium wp-image-5327\" alt=\"\" srcset=\"https:\/\/mma.uct.cl\/wp-content\/uploads\/main3-300x144.jpg 300w, https:\/\/mma.uct.cl\/wp-content\/uploads\/main3-1024x492.jpg 1024w, https:\/\/mma.uct.cl\/wp-content\/uploads\/main3-768x369.jpg 768w, https:\/\/mma.uct.cl\/wp-content\/uploads\/main3-1536x738.jpg 1536w, https:\/\/mma.uct.cl\/wp-content\/uploads\/main3-2048x984.jpg 2048w, https:\/\/mma.uct.cl\/wp-content\/uploads\/main3-18x9.jpg 18w\" sizes=\"(max-width: 300px) 100vw, 300px\" \/><\/div><\/a>\n\t\t\t\t<div class=\"elementor-post__text\">\n\t\t\t\t<h3 class=\"elementor-post__title\">\n\t\t\t<a href=\"https:\/\/mma.uct.cl\/en\/inicia-el-periodo-de-postulacion-para-la-7ta-version-del-magister-en-matematicas-aplicadas\/\" >\n\t\t\t\tStart the application process by 2025, the Master in Applied Mathematics\t\t\t<\/a>\n\t\t<\/h3>\n\t\t\t\t<\/div>\n\t\t\t\t<div class=\"elementor-post__meta-data\">\n\t\t\t\t\t<span class=\"elementor-post-date\">\n\t\t\t01\/05\/2025\t\t<\/span>\n\t\t\t\t<\/div>\n\t\t\t\t\t<\/div>\n\t\t<\/article>\n\t\t\t\t<\/div>\n\t\t\t\t\t<span class=\"e-load-more-spinner\">\n\t\t\t\t<i aria-hidden=\"true\" class=\"fas fa-spinner\"><\/i>\t\t\t<\/span>\n\t\t\n\t\t\t\t\t\t<\/div>\n\t\t\t\t<\/div>\n\t\t\t\t\t<\/div>\n\t\t\t\t<\/div>\n\t\t\t\t<\/div>","protected":false},"excerpt":{"rendered":"<p>NEWS<\/p>","protected":false},"author":1,"featured_media":2587,"parent":0,"menu_order":0,"comment_status":"closed","ping_status":"closed","template":"","meta":{"_acf_changed":false,"footnotes":""},"class_list":["post-2483","page","type-page","status-publish","has-post-thumbnail","hentry"],"acf":[],"_links":{"self":[{"href":"https:\/\/mma.uct.cl\/en\/wp-json\/wp\/v2\/pages\/2483","targetHints":{"allow":["GET"]}}],"collection":[{"href":"https:\/\/mma.uct.cl\/en\/wp-json\/wp\/v2\/pages"}],"about":[{"href":"https:\/\/mma.uct.cl\/en\/wp-json\/wp\/v2\/types\/page"}],"author":[{"embeddable":true,"href":"https:\/\/mma.uct.cl\/en\/wp-json\/wp\/v2\/users\/1"}],"replies":[{"embeddable":true,"href":"https:\/\/mma.uct.cl\/en\/wp-json\/wp\/v2\/comments?post=2483"}],"version-history":[{"count":25,"href":"https:\/\/mma.uct.cl\/en\/wp-json\/wp\/v2\/pages\/2483\/revisions"}],"predecessor-version":[{"id":6387,"href":"https:\/\/mma.uct.cl\/en\/wp-json\/wp\/v2\/pages\/2483\/revisions\/6387"}],"wp:featuredmedia":[{"embeddable":true,"href":"https:\/\/mma.uct.cl\/en\/wp-json\/wp\/v2\/media\/2587"}],"wp:attachment":[{"href":"https:\/\/mma.uct.cl\/en\/wp-json\/wp\/v2\/media?parent=2483"}],"curies":[{"name":"wp","href":"https:\/\/api.w.org\/{rel}","templated":true}]}}